{"id":440,"date":"2019-03-21T13:18:13","date_gmt":"2019-03-21T12:18:13","guid":{"rendered":"http:\/\/www.puchadesrodrigo.com\/?page_id=440"},"modified":"2021-02-01T09:37:40","modified_gmt":"2021-02-01T08:37:40","slug":"notas-legales","status":"publish","type":"page","link":"https:\/\/www.puchadesrodrigo.com\/es\/notas-legales\/","title":{"rendered":"Notas legales"},"content":{"rendered":"<hr class=\"no_line\" style=\"margin: 0 auto 100px auto\"\/>\n\n<h2>Notas legales<\/h2>\n<p>PUCHADES RODRIGO Servicios Inmobiliarios, S.L. (en adelante \u201cel titular\u201d) insta al usuario de este sitio web (en adelante \u201cel usuario\u201d) a que lea los aspectos legales que a continuaci\u00f3n se exponen. El hecho de navegar por este sitio web implica su conocimiento y aceptaci\u00f3n por parte del usuario.<br \/>\nDe acuerdo con el RGPD (Reglamento (UE) 2016\/679) de Protecci\u00f3n de Datos, la Ley 34\/2002 de 11 de julio sobre Servicios de la Sociedad de la Informaci\u00f3n y de Comercio Electr\u00f3nico (LSSICE) y el Real Decreto Legislativo 1\/1996 de 12 de abril por el que se aprueba el texto refundido de la Ley de Propiedad Intelectual, el titular informa al usuario de los siguientes aspectos legales:<\/p>\n<hr class=\"no_line\" style=\"margin: 0 auto 30px auto\"\/>\n\n<h4><strong>Protecci\u00f3n de datos<\/strong><\/h4>\n<p>Seg\u00fan lo establecido en el RGPD (Reglamento (UE) 2016\/679), les proporcionamos la informaci\u00f3n detallada de protecci\u00f3n de datos que se expone a continuaci\u00f3n:<\/p>\n<p>\u00b7 Finalidad: Le informamos que los datos de car\u00e1cter personal recogidos ser\u00e1n incorporados a un fichero bajo nuestra responsabilidad, con la finalidad de gestionar el env\u00edo de la informaci\u00f3n que nos soliciten y facilitar a los interesados ofertas de productos y servicios de su inter\u00e9s. Los datos proporcionados se conservar\u00e1n mientras se mantenga la relaci\u00f3n comercial, durante los a\u00f1os necesarios para cumplir con las obligaciones legales o se solicite su supresi\u00f3n por el interesado.<\/p>\n<p>\u00b7 Legitimaci\u00f3n: Los datos de car\u00e1cter personal obtenidos en esta p\u00e1gina web, as\u00ed como la oferta de productos y servicios ofrecidos, est\u00e1 basada en el consentimiento que se le solicita al interesado. El interesado tendr\u00e1 derecho a retirar su consentimiento en cualquier momento. La retirada del consentimiento no afectar\u00e1 a la solicitud del tratamiento basada en el consentimiento previo a su retirada.<\/p>\n<p>\u00b7 Destinatarios: No se ceder\u00e1n datos a terceros, salvo obligaci\u00f3n legal.<\/p>\n<p>\u00b7 Derechos: Usted, como interesado directo, tiene derecho a obtener confirmaci\u00f3n sobre si estamos tratando datos personales que le conciernen, o no. Tiene derecho a acceder a sus datos personales, as\u00ed como a solicitar la rectificaci\u00f3n de los que sean inexactos o, en su caso, solicitar su supresi\u00f3n cuando, entre otros motivos, ya no sean necesarios para los fines con los que fueron recogidos.<br \/>\nEn determinadas circunstancias, usted podr\u00e1 solicitar la limitaci\u00f3n del tratamiento de sus datos, en cuyo caso \u00fanicamente los conservaremos para el ejercicio o la defensa de reclamaciones.<br \/>\nEn determinadas circunstancias, y por motivos relacionados con su situaci\u00f3n particular, usted podr\u00e1 oponerse al tratamiento de sus datos. Dejaremos de tratarlos salvo por motivos leg\u00edtimos imperiosos o el ejercicio o la defensa de posibles reclamaciones.<br \/>\nEn determinadas circunstancias, usted tendr\u00e1 derecho a recibir los datos personales que le incumban y que nos haya facilitado, y transmitirlos o solicitar que se los proporcionemos a un tercero sin objeci\u00f3n por nuestra parte (derecho a la portabilidad de datos).<br \/>\nEn determinadas circunstancias, le informamos que tendr\u00e1 derecho a no ser objeto de una decisi\u00f3n basada \u00fanicamente en el tratamiento automatizado, incluida la elaboraci\u00f3n de perfiles, que produzca efectos jur\u00eddicos sobre usted o le afecte significativamente de modo similar.<\/p>\n<hr class=\"no_line\" style=\"margin: 0 auto 30px auto\"\/>\n\n<h4><strong>Condiciones de uso<\/strong><\/h4>\n<p>\u00b7 El titular no se responsabiliza de la calidad de la navegaci\u00f3n ni de la velocidad de acceso. Todo usuario que acceda a este sitio web se compromete a hacerlo conforme a la ley, la moral y el orden p\u00fablico, en cuanto al acceso y la navegaci\u00f3n.<br \/>\n\u00b7 Se proh\u00edbe la introducci\u00f3n de virus que puedan perjudicar a este sitio web en s\u00ed o a terceros. La navegaci\u00f3n realizada por el usuario estar\u00e1 bajo su responsabilidad. Del mismo modo, se proh\u00edbe el env\u00edo y\/o la transmisi\u00f3n de cualquier tipo de material violento, amenazador, difamatorio, obsceno, abusivo, ilegal, racial, xen\u00f3fobo, pornogr\u00e1fico o en cualquier modo ofensivo que constituya o fomente conductas que puedan ser contrarias a las leyes vigentes.<br \/>\n\u00b7 El titular ha tomado todas las precauciones para evitar la propagaci\u00f3n de virus inform\u00e1ticos. A\u00fan as\u00ed se recomienda que el receptor de todo mensaje inform\u00e1tico realice sus propios controles. El titular no aceptar\u00e1 ninguna responsabilidad por da\u00f1os que se puedan sufrir por estos factores.<br \/>\n\u00b7 La responsabilidad del uso de la informaci\u00f3n contenida en este sitio web es del usuario. El titular no ser\u00e1 responsable de los da\u00f1os y perjuicios producidos o que puedan producirse, cualquiera que sea su naturaleza, que se deriven del uso de la informaci\u00f3n, de las materias contenidas en este sitio web y de los programas que incorpora. Los enlaces (links) e hipertexto que posibiliten, a trav\u00e9s de este sitio web, acceder al usuario a prestaciones y servicios ofrecidos por terceros, no pertenecen ni se encuentran bajo el control del titular.<br \/>\n\u00b7 El titular se compromete a no remitir comunicaciones publicitarias o promocionales por correo electr\u00f3nico u otro medio de comunicaci\u00f3n electr\u00f3nica equivalente sin identificarlas como comunicaci\u00f3n comercial y sin que previamente no hubieran sido solicitadas o expresamente autorizadas por los destinatarios de \u00e9stas. A estos efectos no ser\u00e1 considerada como comunicaci\u00f3n comercial toda la informaci\u00f3n que se env\u00ede a los clientes del titular siempre que tenga por finalidad el mantenimiento de la relaci\u00f3n contractual existente, as\u00ed como el desempe\u00f1o de las tareas de informaci\u00f3n, formaci\u00f3n y otras actividades propias del servicio que el cliente tiene contratado con la empresa.<br \/>\n\u00b7 El titular podr\u00e1 modificar, sin previo aviso, la informaci\u00f3n contenida en este sitio web, as\u00ed como su configuraci\u00f3n y presentaci\u00f3n.<\/p>\n<hr class=\"no_line\" style=\"margin: 0 auto 30px auto\"\/>\n\n<h4><strong>Propiedad intelectual<\/strong><\/h4>\n<p>\u00b7 El titular no permite, ni total ni parcialmente, la reproducci\u00f3n, publicaci\u00f3n, divulgaci\u00f3n, tratamiento inform\u00e1tico, distribuci\u00f3n, difusi\u00f3n, modificaci\u00f3n, uso comercial, transformaci\u00f3n o descompilaci\u00f3n en cualquier soporte o formato de ninguno de los elementos de este sitio web sin su permiso previo y por escrito. El usuario, \u00fanica y exclusivamente, puede utilizar el material que aparezca en este sitio web para su uso personal y privado, quedando prohibido su uso con cualquier otro fin.<br \/>\n\u00b7 Los nombres comerciales, marcas, logotipos o signos distintivos de cualquier naturaleza que aparezcan en este sitio web est\u00e1n protegidos por los derechos de propiedad intelectual e industrial de sus titulares.<\/p>\n<hr class=\"no_line\" style=\"margin: 0 auto 100px auto\"\/>\n\n","protected":false},"excerpt":{"rendered":"<p>Notas legales PUCHADES RODRIGO Servicios Inmobiliarios, S.L. (en adelante \u201cel titular\u201d) insta al usuario de este sitio web (en adelante \u201cel usuario\u201d) a que lea los<span class=\"excerpt-hellip\"> [\u2026]<\/span><\/p>\n","protected":false},"author":1,"featured_media":0,"parent":0,"menu_order":0,"comment_status":"closed","ping_status":"closed","template":"","meta":{"footnotes":""},"class_list":["post-440","page","type-page","status-publish","hentry"],"yoast_head":"<!-- This site is optimized with the Yoast SEO plugin v27.4 - https:\/\/yoast.com\/product\/yoast-seo-wordpress\/ -->\n<title>Notas legales - PUCHADES RODRIGO<\/title>\n<meta name=\"robots\" content=\"index, follow, max-snippet:-1, max-image-preview:large, max-video-preview:-1\" \/>\n<link rel=\"canonical\" href=\"https:\/\/www.puchadesrodrigo.com\/es\/notas-legales\/\" \/>\n<meta property=\"og:locale\" content=\"es_ES\" \/>\n<meta property=\"og:type\" content=\"article\" \/>\n<meta property=\"og:title\" content=\"Notas legales - PUCHADES RODRIGO\" \/>\n<meta property=\"og:description\" content=\"Notas legales PUCHADES RODRIGO Servicios Inmobiliarios, S.L. (en adelante \u201cel titular\u201d) insta al usuario de este sitio web (en adelante \u201cel usuario\u201d) a que lea los [\u2026]\" \/>\n<meta property=\"og:url\" content=\"https:\/\/www.puchadesrodrigo.com\/es\/notas-legales\/\" \/>\n<meta property=\"og:site_name\" content=\"PUCHADES RODRIGO\" \/>\n<meta property=\"article:modified_time\" content=\"2021-02-01T08:37:40+00:00\" \/>\n<meta name=\"twitter:card\" content=\"summary_large_image\" \/>\n<meta name=\"twitter:label1\" content=\"Tiempo de lectura\" \/>\n\t<meta name=\"twitter:data1\" content=\"5 minutos\" \/>\n<script type=\"application\/ld+json\" class=\"yoast-schema-graph\">{\"@context\":\"https:\\\/\\\/schema.org\",\"@graph\":[{\"@type\":\"WebPage\",\"@id\":\"https:\\\/\\\/www.puchadesrodrigo.com\\\/es\\\/notas-legales\\\/\",\"url\":\"https:\\\/\\\/www.puchadesrodrigo.com\\\/es\\\/notas-legales\\\/\",\"name\":\"Notas legales - PUCHADES RODRIGO\",\"isPartOf\":{\"@id\":\"https:\\\/\\\/www.puchadesrodrigo.com\\\/#website\"},\"datePublished\":\"2019-03-21T12:18:13+00:00\",\"dateModified\":\"2021-02-01T08:37:40+00:00\",\"breadcrumb\":{\"@id\":\"https:\\\/\\\/www.puchadesrodrigo.com\\\/es\\\/notas-legales\\\/#breadcrumb\"},\"inLanguage\":\"es\",\"potentialAction\":[{\"@type\":\"ReadAction\",\"target\":[\"https:\\\/\\\/www.puchadesrodrigo.com\\\/es\\\/notas-legales\\\/\"]}]},{\"@type\":\"BreadcrumbList\",\"@id\":\"https:\\\/\\\/www.puchadesrodrigo.com\\\/es\\\/notas-legales\\\/#breadcrumb\",\"itemListElement\":[{\"@type\":\"ListItem\",\"position\":1,\"name\":\"Inici\",\"item\":\"https:\\\/\\\/www.puchadesrodrigo.com\\\/es\\\/\"},{\"@type\":\"ListItem\",\"position\":2,\"name\":\"Notas legales\"}]},{\"@type\":\"WebSite\",\"@id\":\"https:\\\/\\\/www.puchadesrodrigo.com\\\/#website\",\"url\":\"https:\\\/\\\/www.puchadesrodrigo.com\\\/\",\"name\":\"PUCHADES RODRIGO\",\"description\":\"Serveis Immobiliaris\",\"potentialAction\":[{\"@type\":\"SearchAction\",\"target\":{\"@type\":\"EntryPoint\",\"urlTemplate\":\"https:\\\/\\\/www.puchadesrodrigo.com\\\/?s={search_term_string}\"},\"query-input\":{\"@type\":\"PropertyValueSpecification\",\"valueRequired\":true,\"valueName\":\"search_term_string\"}}],\"inLanguage\":\"es\"}]}<\/script>\n<!-- \/ Yoast SEO plugin. -->","yoast_head_json":{"title":"Notas legales - PUCHADES RODRIGO","robots":{"index":"index","follow":"follow","max-snippet":"max-snippet:-1","max-image-preview":"max-image-preview:large","max-video-preview":"max-video-preview:-1"},"canonical":"https:\/\/www.puchadesrodrigo.com\/es\/notas-legales\/","og_locale":"es_ES","og_type":"article","og_title":"Notas legales - PUCHADES RODRIGO","og_description":"Notas legales PUCHADES RODRIGO Servicios Inmobiliarios, S.L. (en adelante \u201cel titular\u201d) insta al usuario de este sitio web (en adelante \u201cel usuario\u201d) a que lea los [\u2026]","og_url":"https:\/\/www.puchadesrodrigo.com\/es\/notas-legales\/","og_site_name":"PUCHADES RODRIGO","article_modified_time":"2021-02-01T08:37:40+00:00","twitter_card":"summary_large_image","twitter_misc":{"Tiempo de lectura":"5 minutos"},"schema":{"@context":"https:\/\/schema.org","@graph":[{"@type":"WebPage","@id":"https:\/\/www.puchadesrodrigo.com\/es\/notas-legales\/","url":"https:\/\/www.puchadesrodrigo.com\/es\/notas-legales\/","name":"Notas legales - PUCHADES RODRIGO","isPartOf":{"@id":"https:\/\/www.puchadesrodrigo.com\/#website"},"datePublished":"2019-03-21T12:18:13+00:00","dateModified":"2021-02-01T08:37:40+00:00","breadcrumb":{"@id":"https:\/\/www.puchadesrodrigo.com\/es\/notas-legales\/#breadcrumb"},"inLanguage":"es","potentialAction":[{"@type":"ReadAction","target":["https:\/\/www.puchadesrodrigo.com\/es\/notas-legales\/"]}]},{"@type":"BreadcrumbList","@id":"https:\/\/www.puchadesrodrigo.com\/es\/notas-legales\/#breadcrumb","itemListElement":[{"@type":"ListItem","position":1,"name":"Inici","item":"https:\/\/www.puchadesrodrigo.com\/es\/"},{"@type":"ListItem","position":2,"name":"Notas legales"}]},{"@type":"WebSite","@id":"https:\/\/www.puchadesrodrigo.com\/#website","url":"https:\/\/www.puchadesrodrigo.com\/","name":"PUCHADES RODRIGO","description":"Serveis Immobiliaris","potentialAction":[{"@type":"SearchAction","target":{"@type":"EntryPoint","urlTemplate":"https:\/\/www.puchadesrodrigo.com\/?s={search_term_string}"},"query-input":{"@type":"PropertyValueSpecification","valueRequired":true,"valueName":"search_term_string"}}],"inLanguage":"es"}]}},"_links":{"self":[{"href":"https:\/\/www.puchadesrodrigo.com\/es\/wp-json\/wp\/v2\/pages\/440","targetHints":{"allow":["GET"]}}],"collection":[{"href":"https:\/\/www.puchadesrodrigo.com\/es\/wp-json\/wp\/v2\/pages"}],"about":[{"href":"https:\/\/www.puchadesrodrigo.com\/es\/wp-json\/wp\/v2\/types\/page"}],"author":[{"embeddable":true,"href":"https:\/\/www.puchadesrodrigo.com\/es\/wp-json\/wp\/v2\/users\/1"}],"replies":[{"embeddable":true,"href":"https:\/\/www.puchadesrodrigo.com\/es\/wp-json\/wp\/v2\/comments?post=440"}],"version-history":[{"count":5,"href":"https:\/\/www.puchadesrodrigo.com\/es\/wp-json\/wp\/v2\/pages\/440\/revisions"}],"predecessor-version":[{"id":500,"href":"https:\/\/www.puchadesrodrigo.com\/es\/wp-json\/wp\/v2\/pages\/440\/revisions\/500"}],"wp:attachment":[{"href":"https:\/\/www.puchadesrodrigo.com\/es\/wp-json\/wp\/v2\/media?parent=440"}],"curies":[{"name":"wp","href":"https:\/\/api.w.org\/{rel}","templated":true}]}}